{"id":45,"date":"2013-06-21T22:29:36","date_gmt":"2013-06-21T22:29:36","guid":{"rendered":"http:\/\/estudiozuccon.com\/?page_id=45"},"modified":"2013-07-18T21:38:41","modified_gmt":"2013-07-18T21:38:41","slug":"dano-robo-e-incendio","status":"publish","type":"page","link":"https:\/\/old.estudiozuccon.com\/?page_id=45","title":{"rendered":"DA\u00d1O ROBO E INCENDIO PARCIALES"},"content":{"rendered":"<p><img fetchpriority=\"high\" decoding=\"async\" class=\"wp-image-44 aligncenter\" style=\"border: 8px solid white;\" alt=\"da\u00f1o robo e incendio\" src=\"http:\/\/estudiozuccon.com\/wp-content\/uploads\/2013\/06\/da\u00f1o-robo-e-incendio-300x168.jpg\" width=\"540\" height=\"303\" \/><\/p>\n<p style=\"text-align: center;\"><span style=\"color: #000000;\">Cuando las coberturas as\u00ed lo contemplen, se conforma con valor de la unidad en plaza a fecha siniestro, Tasaci\u00f3n de los restos, Valorizaci\u00f3n de da\u00f1os y\/o faltantes, concluyendo con un asesoramiento a la Aseguradora en la toma de decisiones en caso de indemnizar al&#8230;<br \/>\n<\/span><\/p>\n","protected":false},"excerpt":{"rendered":"<p>Cuando las coberturas as\u00ed lo contemplen, se conforma con valor de la unidad en plaza a fecha siniestro, Tasaci\u00f3n de los restos, Valorizaci\u00f3n de da\u00f1os y\/o faltantes, concluyendo con un &#8230;<\/p>\n","protected":false},"author":1,"featured_media":0,"parent":0,"menu_order":3,"comment_status":"open","ping_status":"open","template":"","meta":{"_joinchat":[],"footnotes":""},"class_list":["post-45","page","type-page","status-publish","hentry"],"_links":{"self":[{"href":"https:\/\/old.estudiozuccon.com\/index.php?rest_route=\/wp\/v2\/pages\/45","targetHints":{"allow":["GET"]}}],"collection":[{"href":"https:\/\/old.estudiozuccon.com\/index.php?rest_route=\/wp\/v2\/pages"}],"about":[{"href":"https:\/\/old.estudiozuccon.com\/index.php?rest_route=\/wp\/v2\/types\/page"}],"author":[{"embeddable":true,"href":"https:\/\/old.estudiozuccon.com\/index.php?rest_route=\/wp\/v2\/users\/1"}],"replies":[{"embeddable":true,"href":"https:\/\/old.estudiozuccon.com\/index.php?rest_route=%2Fwp%2Fv2%2Fcomments&post=45"}],"version-history":[{"count":9,"href":"https:\/\/old.estudiozuccon.com\/index.php?rest_route=\/wp\/v2\/pages\/45\/revisions"}],"predecessor-version":[{"id":47,"href":"https:\/\/old.estudiozuccon.com\/index.php?rest_route=\/wp\/v2\/pages\/45\/revisions\/47"}],"wp:attachment":[{"href":"https:\/\/old.estudiozuccon.com\/index.php?rest_route=%2Fwp%2Fv2%2Fmedia&parent=45"}],"curies":[{"name":"wp","href":"https:\/\/api.w.org\/{rel}","templated":true}]}}