{"id":27,"date":"2013-06-21T19:28:42","date_gmt":"2013-06-21T19:28:42","guid":{"rendered":"http:\/\/estudiozuccon.com\/?page_id=27"},"modified":"2013-07-18T21:35:53","modified_gmt":"2013-07-18T21:35:53","slug":"analisis-siniestral","status":"publish","type":"page","link":"https:\/\/old.estudiozuccon.com\/?page_id=27","title":{"rendered":"ANALISIS SINIESTRAL"},"content":{"rendered":"<p><a href=\"http:\/\/estudiozuccon.com\/wp-content\/uploads\/2013\/06\/analisis-siniestral.jpg\"><img fetchpriority=\"high\" decoding=\"async\" class=\"wp-image-34 aligncenter\" style=\"border: 8px solid white;\" alt=\"analisis siniestral\" src=\"http:\/\/estudiozuccon.com\/wp-content\/uploads\/2013\/06\/analisis-siniestral-300x168.jpg\" width=\"540\" height=\"303\" \/><\/a><\/p>\n<p>Mediante un exhaustivo an\u00e1lisis de los expedientes, se realizan tareas de auditor\u00edas, supervisiones, liquidaciones y negociaciones de indemnizaci\u00f3n con Asegurados \u00f3 Terceros reclamantes.<\/p>\n","protected":false},"excerpt":{"rendered":"<p>Mediante un exhaustivo an\u00e1lisis de los expedientes, se realizan tareas de auditor\u00edas, supervisiones, liquidaciones y negociaciones de indemnizaci\u00f3n con Asegurados \u00f3 Terceros reclamantes.<\/p>\n","protected":false},"author":1,"featured_media":0,"parent":0,"menu_order":4,"comment_status":"open","ping_status":"open","template":"","meta":{"_joinchat":[],"footnotes":""},"class_list":["post-27","page","type-page","status-publish","hentry"],"_links":{"self":[{"href":"https:\/\/old.estudiozuccon.com\/index.php?rest_route=\/wp\/v2\/pages\/27","targetHints":{"allow":["GET"]}}],"collection":[{"href":"https:\/\/old.estudiozuccon.com\/index.php?rest_route=\/wp\/v2\/pages"}],"about":[{"href":"https:\/\/old.estudiozuccon.com\/index.php?rest_route=\/wp\/v2\/types\/page"}],"author":[{"embeddable":true,"href":"https:\/\/old.estudiozuccon.com\/index.php?rest_route=\/wp\/v2\/users\/1"}],"replies":[{"embeddable":true,"href":"https:\/\/old.estudiozuccon.com\/index.php?rest_route=%2Fwp%2Fv2%2Fcomments&post=27"}],"version-history":[{"count":11,"href":"https:\/\/old.estudiozuccon.com\/index.php?rest_route=\/wp\/v2\/pages\/27\/revisions"}],"predecessor-version":[{"id":30,"href":"https:\/\/old.estudiozuccon.com\/index.php?rest_route=\/wp\/v2\/pages\/27\/revisions\/30"}],"wp:attachment":[{"href":"https:\/\/old.estudiozuccon.com\/index.php?rest_route=%2Fwp%2Fv2%2Fmedia&parent=27"}],"curies":[{"name":"wp","href":"https:\/\/api.w.org\/{rel}","templated":true}]}}