{"id":1269,"date":"2023-07-18T20:33:46","date_gmt":"2023-07-18T20:33:46","guid":{"rendered":"https:\/\/old.estudiozuccon.com\/?page_id=1269"},"modified":"2023-07-22T20:33:24","modified_gmt":"2023-07-22T20:33:24","slug":"1269-2","status":"publish","type":"page","link":"https:\/\/old.estudiozuccon.com\/","title":{"rendered":""},"content":{"rendered":"\t\t<div data-elementor-type=\"wp-page\" data-elementor-id=\"1269\" class=\"elementor elementor-1269\">\n\t\t\t\t\t\t<section class=\"elementor-section elementor-top-section elementor-element elementor-element-7a280f1 elementor-section-boxed elementor-section-height-default elementor-section-height-default\" data-id=\"7a280f1\" data-element_type=\"section\" data-e-type=\"section\">\n\t\t\t\t\t\t<div class=\"elementor-container elementor-column-gap-default\">\n\t\t\t\t\t<div class=\"elementor-column elementor-col-50 elementor-top-column elementor-element elementor-element-7438c7b\" data-id=\"7438c7b\" data-element_type=\"column\" data-e-type=\"column\">\n\t\t\t<div class=\"elementor-widget-wrap elementor-element-populated\">\n\t\t\t\t\t\t<div class=\"elementor-element elementor-element-6483951 elementor-widget elementor-widget-image\" data-id=\"6483951\" data-element_type=\"widget\" data-e-type=\"widget\" data-widget_type=\"image.default\">\n\t\t\t\t<div class=\"elementor-widget-container\">\n\t\t\t\t\t\t\t\t\t\t\t\t\t\t\t<img fetchpriority=\"high\" decoding=\"async\" width=\"600\" height=\"337\" src=\"https:\/\/old.estudiozuccon.com\/wp-content\/uploads\/2023\/07\/old1.jpg\" class=\"attachment-large size-large wp-image-1312\" alt=\"\" srcset=\"https:\/\/old.estudiozuccon.com\/wp-content\/uploads\/2023\/07\/old1.jpg 600w, https:\/\/old.estudiozuccon.com\/wp-content\/uploads\/2023\/07\/old1-300x169.jpg 300w\" sizes=\"(max-width: 600px) 100vw, 600px\" \/>\t\t\t\t\t\t\t\t\t\t\t\t\t\t\t<\/div>\n\t\t\t\t<\/div>\n\t\t\t\t\t<\/div>\n\t\t<\/div>\n\t\t\t\t<div class=\"elementor-column elementor-col-50 elementor-top-column elementor-element elementor-element-757669a\" data-id=\"757669a\" data-element_type=\"column\" data-e-type=\"column\">\n\t\t\t<div class=\"elementor-widget-wrap elementor-element-populated\">\n\t\t\t\t\t\t<div class=\"elementor-element elementor-element-c30ec4c elementor-widget elementor-widget-image\" data-id=\"c30ec4c\" data-element_type=\"widget\" data-e-type=\"widget\" data-widget_type=\"image.default\">\n\t\t\t\t<div class=\"elementor-widget-container\">\n\t\t\t\t\t\t\t\t\t\t\t\t\t\t\t<img decoding=\"async\" width=\"600\" height=\"337\" src=\"https:\/\/old.estudiozuccon.com\/wp-content\/uploads\/2023\/07\/old2.jpg\" class=\"attachment-large size-large wp-image-1327\" alt=\"\" srcset=\"https:\/\/old.estudiozuccon.com\/wp-content\/uploads\/2023\/07\/old2.jpg 600w, https:\/\/old.estudiozuccon.com\/wp-content\/uploads\/2023\/07\/old2-300x169.jpg 300w\" sizes=\"(max-width: 600px) 100vw, 600px\" \/>\t\t\t\t\t\t\t\t\t\t\t\t\t\t\t<\/div>\n\t\t\t\t<\/div>\n\t\t\t\t\t<\/div>\n\t\t<\/div>\n\t\t\t\t\t<\/div>\n\t\t<\/section>\n\t\t\t\t<section class=\"elementor-section elementor-top-section elementor-element elementor-element-39779a8 elementor-section-boxed elementor-section-height-default elementor-section-height-default\" data-id=\"39779a8\" data-element_type=\"section\" data-e-type=\"section\">\n\t\t\t\t\t\t<div class=\"elementor-container elementor-column-gap-default\">\n\t\t\t\t\t<div class=\"elementor-column elementor-col-100 elementor-top-column elementor-element elementor-element-1405732b\" data-id=\"1405732b\" data-element_type=\"column\" data-e-type=\"column\">\n\t\t\t<div class=\"elementor-widget-wrap elementor-element-populated\">\n\t\t\t\t\t\t<div class=\"elementor-element elementor-element-40e0fc39 elementor-widget elementor-widget-text-editor\" data-id=\"40e0fc39\" data-element_type=\"widget\" data-e-type=\"widget\" data-widget_type=\"text-editor.default\">\n\t\t\t\t<div class=\"elementor-widget-container\">\n\t\t\t\t\t\t\t\t\t\n<p><strong>Z&amp;Z Estudio Zuccon<\/strong> es una Empresa que presta diversos servicios a Compa\u00f1\u00edas Aseguradoras en el rubro Siniestros de Autom\u00f3viles desde el a\u00f1o 1991. Poseemos una actitud en\u00e9rgica y din\u00e1mica que nos ha permitido crecer y desarrollarnos. Nos destacamos por nuestro car\u00e1cter innovador en servicios a nuestros clientes y en desarrollos de nuevos productos.<\/p>\n\n\n\n<p>La Empresa esta conformada por un grupo de profesionales altamente capacitados, a los efectos de brindar a las Aseguradoras el mejor servicio y asesoramiento en la materia, considerando que ello resulta necesariamente imprescindible.<\/p>\n\n\n\n<p>Nuestros servicios est\u00e1n dise\u00f1ados conforme a legislaciones vigentes, cumpliendo profesional y responsablemente con las prestigiosas Aseguradoras que conf\u00edan en nosotros, siendo nuestro principal objetivo lograr la conformidad y equidad en la relaci\u00f3n Aseguradora \/ Asegurado.<\/p>\n\n\n\n<p>Debemos agradecer a quienes han valorado nuestros servicios y han sido nuestros clientes por muchos a\u00f1os, permitiendo que cada a\u00f1o pudi\u00e9ramos re-invertir y as\u00ed ofrecer cada vez mayor calidad y gama de productos.<\/p>\n\n\n\n<p>Nuestros productos abarcan las siguientes actividades: An\u00e1lisis de Posible Da\u00f1o Total, Pericias Mec\u00e1nicas, An\u00e1lisis de Da\u00f1o, Robo e Incendio Parcial, An\u00e1lisis Siniestral, Tasaci\u00f3n de Rezagos (Restos), y Apoyo Log\u00edstico a la Asesor\u00eda Legal de la Aseguradora; brindando servicios en todo el pa\u00eds.<\/p>\n\t\t\t\t\t\t\t\t<\/div>\n\t\t\t\t<\/div>\n\t\t\t\t<div class=\"elementor-element elementor-element-83d3176 elementor-widget-divider--view-line elementor-widget elementor-widget-divider\" data-id=\"83d3176\" data-element_type=\"widget\" data-e-type=\"widget\" data-widget_type=\"divider.default\">\n\t\t\t\t<div class=\"elementor-widget-container\">\n\t\t\t\t\t\t\t<div class=\"elementor-divider\">\n\t\t\t<span class=\"elementor-divider-separator\">\n\t\t\t\t\t\t<\/span>\n\t\t<\/div>\n\t\t\t\t\t\t<\/div>\n\t\t\t\t<\/div>\n\t\t\t\t\t<\/div>\n\t\t<\/div>\n\t\t\t\t\t<\/div>\n\t\t<\/section>\n\t\t\t\t<section class=\"elementor-section elementor-top-section elementor-element elementor-element-70e1455 elementor-section-boxed elementor-section-height-default elementor-section-height-default\" data-id=\"70e1455\" data-element_type=\"section\" data-e-type=\"section\">\n\t\t\t\t\t\t<div class=\"elementor-container elementor-column-gap-default\">\n\t\t\t\t\t<div class=\"elementor-column elementor-col-100 elementor-top-column elementor-element elementor-element-da54c95\" data-id=\"da54c95\" data-element_type=\"column\" data-e-type=\"column\">\n\t\t\t<div class=\"elementor-widget-wrap elementor-element-populated\">\n\t\t\t\t\t\t<div class=\"elementor-element elementor-element-c3549a2 elementor-widget elementor-widget-wp-widget-text\" data-id=\"c3549a2\" data-element_type=\"widget\" data-e-type=\"widget\" data-widget_type=\"wp-widget-text.default\">\n\t\t\t\t<div class=\"elementor-widget-container\">\n\t\t\t\t\t<h5>Breve descripci\u00f3n de nuestros servicios, seg\u00fan productos:<\/h5>\t\t\t<div class=\"textwidget\"><ul>\n<li><strong>An\u00e1lisis de Posible Da\u00f1o Total:<\/strong>\u00a0Conformada con valor de la unidad en plaza a fecha siniestro, una investigaci\u00f3n t\u00e9cnica sobre autopartes no da\u00f1adas y\/o recuperables con el objeto de evaluar una te\u00f3rica\/t\u00e9cnica valoraci\u00f3n de los restos de la unidad y establecer un porcentaje de Recuperabilidad, Tasaci\u00f3n de los restos encargadas a compradores habituales de este tipo de unidades, Valorizaci\u00f3n de da\u00f1os con autopartes nuevas y mano de obra acorde con Concesionarios y\/o talleres especializados, tomas fotogr\u00e1ficas de la unidad, concluyendo con una opini\u00f3n de correspondencia \u00f3 no de posible da\u00f1o total solicitado, aconsejando a la Aseguradora en la toma de decisiones en caso de que el resultado sea de dif\u00edcil sustentaci\u00f3n en Instancias Judiciales.<\/li>\n<li><strong>Pericias Mec\u00e1nicas:<\/strong>\u00a0Cuando lo denunciado no condice con los da\u00f1os verificados y\/o reclamados, como asimismo indicios que denoten rarezas o incertidumbres, donde la faz t\u00e9cnica es evaluada por an\u00e1lisis de la leyes f\u00edsicas.<\/li>\n<li><strong>Da\u00f1o, Robo e Incendio Parciales:<\/strong>\u00a0Cuando las coberturas as\u00ed lo contemplen, se conforma con valor de la unidad en plaza a fecha siniestro, Tasaci\u00f3n de los restos, Valorizaci\u00f3n de da\u00f1os y\/o faltantes, concluyendo con un asesoramiento a la Aseguradora en la toma de decisiones en caso de indemnizar al Asegurado por los da\u00f1os \u00f3 encontrar una negociaci\u00f3n con el mismo.<\/li>\n<li><strong>An\u00e1lisis Siniestral:<\/strong>\u00a0Mediante un exhaustivo an\u00e1lisis de los expedientes, se realizan tareas de auditor\u00edas, supervisiones, liquidaciones y negociaciones de indemnizaci\u00f3n con Asegurados \u00f3 Terceros reclamantes.<\/li>\n<li><strong>Tasaci\u00f3n de Rezagos (Restos):<\/strong>\u00a0Donde se obtienen ofertas firmes de compra de los restos de la unidad siniestrada, tarea realizable por medio de fotograf\u00edas e inspecciones brindadas por la Aseguradora.<\/li>\n<li><strong>Apoyo Log\u00edstico a la Asesor\u00eda Legal de la Aseguradora:<\/strong>\u00a0Mediante an\u00e1lisis de presupuestos de reparaciones y\/o pericias de parte, por reclamos efectuados por terceros.<\/li>\n<\/ul>\n<p>&nbsp;<\/p>\n<\/div>\n\t\t\t\t\t\t<\/div>\n\t\t\t\t<\/div>\n\t\t\t\t\t<\/div>\n\t\t<\/div>\n\t\t\t\t\t<\/div>\n\t\t<\/section>\n\t\t\t\t<\/div>\n\t\t","protected":false},"excerpt":{"rendered":"<p>Z&amp;Z Estudio Zuccon es una Empresa que presta diversos servicios a Compa\u00f1\u00edas Aseguradoras en el rubro Siniestros de Autom\u00f3viles desde el a\u00f1o 1991. Poseemos una actitud en\u00e9rgica y din\u00e1mica que &#8230;<\/p>\n","protected":false},"author":72,"featured_media":0,"parent":0,"menu_order":0,"comment_status":"closed","ping_status":"closed","template":"","meta":{"_joinchat":[],"footnotes":""},"class_list":["post-1269","page","type-page","status-publish","hentry"],"_links":{"self":[{"href":"https:\/\/old.estudiozuccon.com\/index.php?rest_route=\/wp\/v2\/pages\/1269","targetHints":{"allow":["GET"]}}],"collection":[{"href":"https:\/\/old.estudiozuccon.com\/index.php?rest_route=\/wp\/v2\/pages"}],"about":[{"href":"https:\/\/old.estudiozuccon.com\/index.php?rest_route=\/wp\/v2\/types\/page"}],"author":[{"embeddable":true,"href":"https:\/\/old.estudiozuccon.com\/index.php?rest_route=\/wp\/v2\/users\/72"}],"replies":[{"embeddable":true,"href":"https:\/\/old.estudiozuccon.com\/index.php?rest_route=%2Fwp%2Fv2%2Fcomments&post=1269"}],"version-history":[{"count":16,"href":"https:\/\/old.estudiozuccon.com\/index.php?rest_route=\/wp\/v2\/pages\/1269\/revisions"}],"predecessor-version":[{"id":1349,"href":"https:\/\/old.estudiozuccon.com\/index.php?rest_route=\/wp\/v2\/pages\/1269\/revisions\/1349"}],"wp:attachment":[{"href":"https:\/\/old.estudiozuccon.com\/index.php?rest_route=%2Fwp%2Fv2%2Fmedia&parent=1269"}],"curies":[{"name":"wp","href":"https:\/\/api.w.org\/{rel}","templated":true}]}}